{"id":11738,"date":"2017-05-18T16:50:55","date_gmt":"2017-05-18T15:50:55","guid":{"rendered":"https:\/\/luisamoron.com\/cursos\/?post_type=product&#038;p=11738"},"modified":"2019-06-21T16:38:42","modified_gmt":"2019-06-21T15:38:42","slug":"asesoria-fotografica-2","status":"publish","type":"product","link":"https:\/\/luisamoron.com\/cursos\/producto\/asesoria-fotografica-2\/","title":{"rendered":"Asesor\u00eda Fotogr\u00e1fica"},"content":{"rendered":"<p><em>Cuando empezamos en<strong> este mundo de la fotograf\u00eda<\/strong>, nos surge mil dudas, no sabemos que c\u00e1mara comprar, que material necesitamos o por donde empezar.<\/em><br \/>\n<em> Pues aqu\u00ed est\u00e1 tu hada madrina, te ayudar\u00e9 para que tus fotos luzcan lo m\u00e1s bonitas posible en tu web, RRSS o en tu tienda online.<\/em><br \/>\n<em> Adem\u00e1s, quieres tener m\u00e1s lectores pero tus fotos no son lo bastantes buenas o quieres aumentar tu visibilidad gracias a la imagen?<\/em><br \/>\n<em> Si\u00e9ntate conmigo, prep\u00e1rate un caf\u00e9 o t\u00e9 porque tendremos una larga hora para hablar.<\/em><\/p>\n<p><em>V\u00eda mail concretaremos los puntos que quieres concretar y en los que necesitas ayuda.<\/em><\/p>\n<p><em><strong>Funcionamiento<\/strong><\/em><br \/>\n<i> Ser\u00e1 v\u00eda\u00a0Zoom seg\u00fan las horas que nos convenga a ambas partes, la\u00a0asesor\u00eda ser\u00e1\u00a0grabada y as\u00ed podr\u00e1s verla cada vez que te sea\u00a0necesario recordar algo de lo que\u00a0vimos.\u00a0<\/i><br \/>\n<em> Hablaremos sobre todo ello con mucho detalles y profundizando en todas tus dudas.<\/em><\/p>\n<h3><em><a href=\"https:\/\/luisamoron.com\/cursos\/asesoria-fotografica\/\"><strong>Escr\u00edbeme aqu\u00ed<\/strong><\/a>, recibir\u00e1s la informaci\u00f3n y posibles fechas seg\u00fan mi agenda.\u00a0<\/em><\/h3>\n","protected":false},"excerpt":{"rendered":"<p>Cuando empezamos en este mundo de la fotograf\u00eda, nos surge mil dudas, no sabemos que c\u00e1mara comprar, que material necesitamos o por donde empezar. Pues aqu\u00ed est\u00e1 tu hada madrina, te ayudar\u00e9 para que tus fotos luzcan lo m\u00e1s bonitas posible en tu web, RRSS o en tu tienda online. Adem\u00e1s, quieres tener m\u00e1s lectores [&hellip;]<\/p>\n","protected":false},"featured_media":15716,"comment_status":"closed","ping_status":"closed","template":"","meta":{"_bbp_topic_count":0,"_bbp_reply_count":0,"_bbp_total_topic_count":0,"_bbp_total_reply_count":0,"_bbp_voice_count":0,"_bbp_anonymous_reply_count":0,"_bbp_topic_count_hidden":0,"_bbp_reply_count_hidden":0,"_bbp_forum_subforum_count":0,"_et_pb_use_builder":"","_et_pb_old_content":"","_et_gb_content_width":""},"_links":{"self":[{"href":"https:\/\/luisamoron.com\/cursos\/wp-json\/wp\/v2\/product\/11738"}],"collection":[{"href":"https:\/\/luisamoron.com\/cursos\/wp-json\/wp\/v2\/product"}],"about":[{"href":"https:\/\/luisamoron.com\/cursos\/wp-json\/wp\/v2\/types\/product"}],"replies":[{"embeddable":true,"href":"https:\/\/luisamoron.com\/cursos\/wp-json\/wp\/v2\/comments?post=11738"}],"wp:featuredmedia":[{"embeddable":true,"href":"https:\/\/luisamoron.com\/cursos\/wp-json\/wp\/v2\/media\/15716"}],"wp:attachment":[{"href":"https:\/\/luisamoron.com\/cursos\/wp-json\/wp\/v2\/media?parent=11738"}],"curies":[{"name":"wp","href":"https:\/\/api.w.org\/{rel}","templated":true}]}}