{"id":66,"date":"2014-12-09T21:03:31","date_gmt":"2014-12-09T21:03:31","guid":{"rendered":"https:\/\/luisamoron.com\/cursos\/?page_id=66"},"modified":"2020-08-04T19:03:19","modified_gmt":"2020-08-04T18:03:19","slug":"dudas-frecuentes","status":"publish","type":"page","link":"https:\/\/luisamoron.com\/cursos\/dudas-frecuentes\/","title":{"rendered":"FAQ&#8217;s"},"content":{"rendered":"<p>[et_pb_section bb_built=&#8221;1&#8243; admin_label=&#8221;section&#8221;][et_pb_row admin_label=&#8221;row&#8221;][et_pb_column type=&#8221;4_4&#8243;][et_pb_accordion admin_label=&#8221;Accordion&#8221; use_border_color=&#8221;off&#8221; border_color=&#8221;#ffffff&#8221; border_style=&#8221;solid&#8221;] [et_pb_accordion_item title=&#8221;\u00bfC\u00f3mo funcionan los talleres? &#8220;]<\/p>\n<div class=\"gmail_default\" style=\"text-align: justify;\"><em><strong>Al hacer tu compra, se te facilitar\u00e1 un usuario y una contrase\u00f1a que deber\u00e1s guardar, ya que te servir\u00e1 para acceder al taller llegado el momento, si has adquirido uno de los que tienen fechas. Si por le contrario has elegido un taller de los permanentes, en una periodo de 24 horas recibir\u00e1s el acceso. <\/strong><\/em><\/div>\n<div class=\"gmail_default\" style=\"text-align: justify;\"><\/div>\n<div class=\"gmail_default\" style=\"text-align: justify;\">Las lecciones se ir\u00e1n publicando semanalmente o a diario, dependiendo del taller y\u00a0dispondr\u00e1s del curso como quieras, adem\u00e1s habr\u00e1 un foro privado (en el caso de que compres los talleres con fechas asignadas) al que tendr\u00e1s acceso y en el que podr\u00e1s plantear todas las dudas y preguntas lo que quieras, y que yo ir\u00e9 respondiendo. Este foro solo estar\u00e1 disponible una vez que est\u00e9s haciendo el taller.<\/div>\n<div class=\"gmail_default\" style=\"text-align: justify;\">El horario el que tu decidas, por ello es online, sin prisas pero sin pausas.<\/div>\n<p>[\/et_pb_accordion_item][et_pb_accordion_item title=&#8221;\u00bfQu\u00e9 programa necesitare para editar? &#8220;]<\/p>\n<div class=\"gmail_default\"><\/div>\n<div class=\"gmail_default\">Trabajo con la \u00faltima versi\u00f3n de Photoshop, pero puedes utilizar una versi\u00f3n m\u00e1s antigua. En breve, tendr\u00e1s tambi\u00e9n en los talleres tutor\u00edales con Lightroom ya que son muchos los que tambi\u00e9n utilizan este programa, pero desde ya te comunico que Photoshop es mucho m\u00e1s completo.<\/div>\n<p>[\/et_pb_accordion_item][et_pb_accordion_item title=&#8221;\u00bfQu\u00e9 c\u00e1mara puedo utilizar? &#8220;]<\/p>\n<div class=\"gmail_default\">Para el taller b\u00e1sico podr\u00e1s utilizar una c\u00e1mara compacta, bridge o r\u00e9flex, solo decirte que esta \u00faltima te dar\u00e1 mucho m\u00e1s juego, las otras est\u00e1n muy bien seg\u00fan para qu\u00e9 pero son m\u00e1s limitadas.<\/div>\n<div class=\"gmail_default\"><\/div>\n<div class=\"gmail_default\">En cuanto a qu\u00e9 c\u00e1mara comprar, depende del presupuesto que tengas y tus necesidades. Depende si vas a dedicarte a ello o no, yo har\u00eda una comparaci\u00f3n entre Canon y Nikon y la que te convenga en el momento, pues esa ser\u00e1 la tuya. Adem\u00e1s disponen de una gran gama de objetivos. Tambi\u00e9n es conveniente invertir en estos, para mi es mucho m\u00e1s importante que el cuerpo.<\/div>\n<div class=\"gmail_default\"><\/div>\n<div class=\"gmail_default\">No obstante, puedes acceder algunos de los talleres solo con M\u00f3vil y aplicar las reglas para que tus fotos sean m\u00e1s atractivas.<\/div>\n<p>[\/et_pb_accordion_item][et_pb_accordion_item title=&#8221;Qu\u00e9 objetivo utilizas ?&#8221;]<\/p>\n<p>Para la<em><strong> fotograf\u00eda gastron\u00f3mica<\/strong><\/em> puedes utilizar el 50mm o el 35mm te dar\u00e1n ambos mucho juego, y adem\u00e1s son dos lentes bastantes luminosas. No obstante, soy de la opini\u00f3n que no debes acostumbrarte a una sola lente, si tienes alguna otra o puedes adquirir alguna m\u00e1s, haz pruebas para ver cual de ella te gusta y con cual de ellas puedes conseguir el resultado buscado.<\/p>\n<p>[\/et_pb_accordion_item][et_pb_accordion_item title=&#8221;\u00bfC\u00f3mo trabajaremos en los talleres? &#8220;]<\/p>\n<div class=\"gmail_default\"><\/div>\n<div class=\"gmail_default\">Lo haremos en un foro privado al que tendr\u00e1s acceso con tu usuario y contrase\u00f1a, que se te facilitar\u00e1 una vez hayas realizado el pago. En caso de que compres un taller con fecha asignada, si optas al taller personalizado, todo el contacto lo tendremos a trav\u00e9s de mail.<\/div>\n<p>&nbsp;<\/p>\n<p>[\/et_pb_accordion_item][et_pb_accordion_item title=&#8221;\u00bfCuando da comienzo el pr\u00f3ximo curso? &#8220;]<\/p>\n<div class=\"gmail_default\"><\/div>\n<div class=\"gmail_default\">Si pinchas en cada taller ver\u00e1s cuando tendr\u00e1 lugar cada uno, no obstante te aconsejo que te suscribas a la Newsletter y estar\u00e1s al d\u00eda de\u00a0los pr\u00f3ximos talleres y adem\u00e1s varias veces al mes recibir\u00e1s informaci\u00f3n sobre fotograf\u00eda.<\/div>\n<div class=\"gmail_default\"><\/div>\n<div class=\"gmail_default\">En estos momentos solo est\u00e1n activos los Talleres que son permanentes y que tiene acceso inmediato, por volumen de trabajo no puedo activar los Talleres con Fechas.<\/div>\n<div class=\"gmail_default\"><\/div>\n<div class=\"gmail_default\"><\/div>\n<p>[\/et_pb_accordion_item][et_pb_accordion_item title=&#8221;\u00bfC\u00f3mo reservo una plaza? &#8220;]<\/p>\n<p>Para reservar tu plaza, solamente tienes que entrar en la p\u00e1gina de cursos y realizar el pago. Cuando empiece el taller, recibir\u00e1s un mail avis\u00e1ndote del inicio.<\/p>\n<p>Si te suscribes a mi newsletter recibir\u00e1s todas las novedades en tu correo electr\u00f3nico. En mis redes sociales tambi\u00e9n anuncio los pr\u00f3ximos talleres, as\u00ed que todos atentos.<\/p>\n<p>[\/et_pb_accordion_item][et_pb_accordion_item title=&#8221;\u00bfImpartes talleres individuales? &#8220;]<\/p>\n<div class=\"gmail_default\"><\/div>\n<div class=\"gmail_default\">S\u00ed, si quieres un taller presencial exclusivo conmigo ponte en contacto\u00a0a trav\u00e9s del formulario o tienes m\u00e1s informaci\u00f3n en <a title=\"Talleres presenciales y personalizados. \" href=\"https:\/\/luisamoron.com\/cursos\/talleres-presenciales\/\">este enlace.<\/a>\u00a0Te espero.<\/div>\n<p>[\/et_pb_accordion_item][et_pb_accordion_item title=&#8221;\u00bfHaces fotografia de productos o de gastronom\u00eda? &#8220;]<\/p>\n<div class=\"gmail_default\">Si claro, como podr\u00e1s comprobar por mis im\u00e1genes soy Fot\u00f3grafa Gastron\u00f3mica &#8211; productos y estilista. Trabajo con empresas de restauraci\u00f3n, empresas de productos, alimentos, revistas&#8230; as\u00ed que puedo ayudarte para crear bonitas im\u00e1genes. Puedes ver mi galer\u00eda de fotos <a href=\"http:\/\/luisamoron.com\/galerias\/food-styling\/\">aqu\u00ed.<\/a><\/div>\n<div class=\"gmail_default\">Si estas interesado ponte en contacto conmigo v\u00eda mail o a trav\u00e9s del formulario.<\/div>\n<div class=\"gmail_default\"><\/div>\n<p>[\/et_pb_accordion_item][et_pb_accordion_item title=&#8221;\u00bf Impartes talleres presenciales? &#8220;]<\/p>\n<p>Si adem\u00e1s de los <a title=\"Talleres presenciales y personalizados\" href=\"https:\/\/luisamoron.com\/cursos\/talleres-presenciales\/\">talleres individuales y personalizados<\/a> tambi\u00e9n imparto talleres para grupos. Solo tienes que mandar un mail y pedir informaci\u00f3n.<\/p>\n<p>&nbsp;<\/p>\n<p>[\/et_pb_accordion_item][et_pb_accordion_item title=&#8221;\u00bf Por qu\u00e9 subscribirte a la Newsletter? &#8220;]<\/p>\n<p>Si adem\u00e1s te subscribes a nuestra Newsletter estar\u00e1s informado de todo lo que pasa y recibir\u00e1s varias veces al mes informaci\u00f3n sobre fotograf\u00eda que puede interesarte. No te lo pierdas.<\/p>\n<p>[\/et_pb_accordion_item][et_pb_accordion_item title=&#8221;Asesoras fotogr\u00e1ficamente? &#8220;]<\/p>\n<p>Si lo deseas puedes tener una asesor\u00eda conmigo y te ayudare en todo lo que pueda.<\/p>\n<p>En principio, ser\u00e1 de una hora, pero podemos alargar a una hora m\u00e1s si lo deseas.<\/p>\n<p>Puedes pedir informaci\u00f3n, en la pesta\u00f1a de contacto.<\/p>\n<p>[\/et_pb_accordion_item] [\/et_pb_accordion][\/et_pb_column][\/et_pb_row][\/et_pb_section]<\/p>\n","protected":false},"excerpt":{"rendered":"<p>[et_pb_section bb_built=&#8221;1&#8243; admin_label=&#8221;section&#8221;][et_pb_row admin_label=&#8221;row&#8221;][et_pb_column type=&#8221;4_4&#8243;][et_pb_accordion admin_label=&#8221;Accordion&#8221; use_border_color=&#8221;off&#8221; border_color=&#8221;#ffffff&#8221; border_style=&#8221;solid&#8221;] [et_pb_accordion_item title=&#8221;\u00bfC\u00f3mo funcionan los talleres? &#8220;] Al hacer tu compra, se te facilitar\u00e1 un usuario y una contrase\u00f1a que deber\u00e1s guardar, ya que te servir\u00e1 para acceder al taller llegado el momento, si has adquirido uno de los que tienen fechas. Si por le contrario has [&hellip;]<\/p>\n","protected":false},"author":28,"featured_media":0,"parent":0,"menu_order":0,"comment_status":"open","ping_status":"open","template":"","meta":{"_bbp_topic_count":0,"_bbp_reply_count":0,"_bbp_total_topic_count":0,"_bbp_total_reply_count":0,"_bbp_voice_count":0,"_bbp_anonymous_reply_count":0,"_bbp_topic_count_hidden":0,"_bbp_reply_count_hidden":0,"_bbp_forum_subforum_count":0,"_et_pb_use_builder":"on","_et_pb_old_content":"","_et_gb_content_width":"","footnotes":""},"_links":{"self":[{"href":"https:\/\/luisamoron.com\/cursos\/wp-json\/wp\/v2\/pages\/66"}],"collection":[{"href":"https:\/\/luisamoron.com\/cursos\/wp-json\/wp\/v2\/pages"}],"about":[{"href":"https:\/\/luisamoron.com\/cursos\/wp-json\/wp\/v2\/types\/page"}],"author":[{"embeddable":true,"href":"https:\/\/luisamoron.com\/cursos\/wp-json\/wp\/v2\/users\/28"}],"replies":[{"embeddable":true,"href":"https:\/\/luisamoron.com\/cursos\/wp-json\/wp\/v2\/comments?post=66"}],"version-history":[{"count":20,"href":"https:\/\/luisamoron.com\/cursos\/wp-json\/wp\/v2\/pages\/66\/revisions"}],"predecessor-version":[{"id":17402,"href":"https:\/\/luisamoron.com\/cursos\/wp-json\/wp\/v2\/pages\/66\/revisions\/17402"}],"wp:attachment":[{"href":"https:\/\/luisamoron.com\/cursos\/wp-json\/wp\/v2\/media?parent=66"}],"curies":[{"name":"wp","href":"https:\/\/api.w.org\/{rel}","templated":true}]}}