{"id":194,"date":"2014-12-18T16:49:11","date_gmt":"2014-12-18T16:49:11","guid":{"rendered":"https:\/\/luisamoron.com\/cursos\/?page_id=194"},"modified":"2023-03-06T18:21:35","modified_gmt":"2023-03-06T16:21:35","slug":"talleres-presenciales","status":"publish","type":"page","link":"https:\/\/luisamoron.com\/cursos\/talleres-presenciales\/","title":{"rendered":"Talleres Presenciales y Personalizados"},"content":{"rendered":"<p>[et_pb_section fb_built=&#8221;1&#8243; admin_label=&#8221;section&#8221; _builder_version=&#8221;3.22&#8243;][et_pb_row admin_label=&#8221;row&#8221; _builder_version=&#8221;3.25&#8243; background_size=&#8221;initial&#8221; background_position=&#8221;top_left&#8221; background_repeat=&#8221;repeat&#8221;][et_pb_column type=&#8221;4_4&#8243; _builder_version=&#8221;3.25&#8243; custom_padding=&#8221;|||&#8221; custom_padding__hover=&#8221;|||&#8221;][et_pb_text admin_label=&#8221;Text&#8221; _builder_version=&#8221;4.9.4&#8243; background_size=&#8221;initial&#8221; background_position=&#8221;top_left&#8221; background_repeat=&#8221;repeat&#8221; hover_enabled=&#8221;0&#8243; use_border_color=&#8221;off&#8221; border_color=&#8221;#ffffff&#8221; border_style=&#8221;solid&#8221; sticky_enabled=&#8221;0&#8243;]<\/p>\n<p><a href=\"www.luisamoron.com\/cursos\"><img loading=\"lazy\" decoding=\"async\" class=\"alignnone size-full wp-image-13156\" src=\"https:\/\/luisamoron.com\/cursos\/wp-content\/uploads\/2014\/12\/Curso-Fotograf\u00eda-y-Estilismo-por-Luisa-Mor\u00f3n-.jpg\" alt=\"\" width=\"1200\" height=\"500\" srcset=\"https:\/\/luisamoron.com\/cursos\/wp-content\/uploads\/2014\/12\/Curso-Fotograf\u00eda-y-Estilismo-por-Luisa-Mor\u00f3n-.jpg 1200w, https:\/\/luisamoron.com\/cursos\/wp-content\/uploads\/2014\/12\/Curso-Fotograf\u00eda-y-Estilismo-por-Luisa-Mor\u00f3n--300x125.jpg 300w, https:\/\/luisamoron.com\/cursos\/wp-content\/uploads\/2014\/12\/Curso-Fotograf\u00eda-y-Estilismo-por-Luisa-Mor\u00f3n--768x320.jpg 768w, https:\/\/luisamoron.com\/cursos\/wp-content\/uploads\/2014\/12\/Curso-Fotograf\u00eda-y-Estilismo-por-Luisa-Mor\u00f3n--1024x427.jpg 1024w, https:\/\/luisamoron.com\/cursos\/wp-content\/uploads\/2014\/12\/Curso-Fotograf\u00eda-y-Estilismo-por-Luisa-Mor\u00f3n--510x213.jpg 510w, https:\/\/luisamoron.com\/cursos\/wp-content\/uploads\/2014\/12\/Curso-Fotograf\u00eda-y-Estilismo-por-Luisa-Mor\u00f3n--1080x450.jpg 1080w\" sizes=\"(max-width: 1200px) 100vw, 1200px\" \/><\/a><\/p>\n<p>&nbsp;<\/p>\n<p>&nbsp;<\/p>\n<p>[\/et_pb_text][\/et_pb_column][\/et_pb_row][et_pb_row column_structure=&#8221;1_2,1_2&#8243; admin_label=&#8221;row&#8221; _builder_version=&#8221;3.25&#8243; background_size=&#8221;initial&#8221; background_position=&#8221;top_left&#8221; background_repeat=&#8221;repeat&#8221; hover_enabled=&#8221;0&#8243; sticky_enabled=&#8221;0&#8243;][et_pb_column type=&#8221;1_2&#8243; _builder_version=&#8221;3.25&#8243; custom_padding=&#8221;|||&#8221; custom_padding__hover=&#8221;|||&#8221;][et_pb_text admin_label=&#8221;Text&#8221; _builder_version=&#8221;4.9.4&#8243; background_size=&#8221;initial&#8221; background_position=&#8221;top_left&#8221; background_repeat=&#8221;repeat&#8221; hover_enabled=&#8221;0&#8243; use_border_color=&#8221;off&#8221; border_color=&#8221;#ffffff&#8221; border_style=&#8221;solid&#8221; sticky_enabled=&#8221;0&#8243;]<\/p>\n<p style=\"text-align: justify;\">Me muevo por toda Espa\u00f1a <em><strong>impartiendo cursos y talleres.\u00a0<\/strong><\/em>\u00a0He impartido talleres\u00a0en <em><strong>Barcelona, Coru\u00f1a, C\u00f3rdoba, Madrid, M\u00e1laga, Valencia, Sevilla&#8230;<\/strong><\/em> Los <em><strong>talleres personalizados ser\u00e1n en mi estudio en M\u00e1laga<\/strong><\/em>, pero tambi\u00e9n tengo posibilidad de desplazarme. Estos talleres personalizados ser\u00e1n exclusivos <strong><em>para una o dos personas pero tambi\u00e9n podr\u00e1s formar un grupo.\u00a0<\/em><\/strong><\/p>\n<p style=\"text-align: justify;\">En ellos me ver\u00e1s trabajar e intentar\u00e9 que te lleves una idea muy importante para m\u00ed en este tipo de fotos, <strong>tenemos que captar la atenci\u00f3n del espectador a trav\u00e9s de la vista.\u00a0<\/strong><\/p>\n<p style=\"text-align: justify;\">Talleres muy din\u00e1micos donde te ense\u00f1ar\u00e9 a utilizar tu c\u00e1mara y sacarle el mayor partido. Me adapto a tus conocimientos.<\/p>\n<h3><strong>Contenidos del taller de fotograf\u00eda:<\/strong><\/h3>\n<p><strong>Veremos elementos b\u00e1sicos de fotograf\u00eda como la Exposici\u00f3n<\/strong>: Iso, Apertura y Velocidad de obturaci\u00f3n. Veremos mi forma de trabajar estos elementos tan importantes, as\u00ed como la profundidad de campo que tanto me pregunt\u00e1is. Hablaremos sobre balance de blancos, medici\u00f3n de la luz y disparar en modo manual.<\/p>\n<p><strong>La importancia de la luz:<\/strong><br \/>Te ayudar\u00e9 a buscar esa luz y veremos como se comporta. Dirigir y manipular la luz con reflectores\u2026 Sin la luz no tendr\u00edamos fotograf\u00eda.<\/p>\n<p><strong>Creando im\u00e1genes:<\/strong><br \/>Te ayudar\u00e9 a contar una historia y a crear im\u00e1genes que transmitan. Veremos las tendencias, como buscar inspiraci\u00f3n, texturas y estilismo.<\/p>\n<p><strong>C\u00f3mo trabajaremos: <\/strong><br \/>En mi estudio encontrar\u00e1s todo lo necesario para crear una bonita imagen y ver\u00e1s todo lo que utilizo en mis sesiones.<\/p>\n<p>Me ver\u00e1s trabajar, desde la composici\u00f3n montando diferentes escenarios hasta el \u00faltimo detalle como \u00e1ngulos utilizados, etc\u2026<\/p>\n<p><strong>Post Producci\u00f3n:\u00a0<\/strong><\/p>\n<p>Editaremos una foto desde el principio hasta el final, con unos peque\u00f1os retoques ver\u00e1s como cambia tu imagen.<\/p>\n<p>&nbsp;<\/p>\n<p>Si te interesa <em><strong>formar un grupo u organizar una clase de manera individual<\/strong><\/em>, ponte en contacto conmigo a trav\u00e9s de este formulario y te preparar\u00e9 un presupuesto personalizado.<\/p>\n<p>&nbsp;<\/p>\n<p>&nbsp;<\/p>\n<p>[\/et_pb_text][\/et_pb_column][et_pb_column type=&#8221;1_2&#8243; _builder_version=&#8221;3.25&#8243; custom_padding=&#8221;|||&#8221; custom_padding__hover=&#8221;|||&#8221;][et_pb_text admin_label=&#8221;Text&#8221; _builder_version=&#8221;3.27.4&#8243; background_size=&#8221;initial&#8221; background_position=&#8221;top_left&#8221; background_repeat=&#8221;repeat&#8221; use_border_color=&#8221;off&#8221; border_color=&#8221;#ffffff&#8221; border_style=&#8221;solid&#8221;] <div role=\"form\" class=\"wpcf7\" id=\"wpcf7-f195-o1\" lang=\"es-ES\" dir=\"ltr\">\n<div class=\"screen-reader-response\"><p role=\"status\" aria-live=\"polite\" aria-atomic=\"true\"><\/p> <ul><\/ul><\/div>\n<form action=\"\/cursos\/wp-json\/wp\/v2\/pages\/194#wpcf7-f195-o1\" method=\"post\" class=\"wpcf7-form init\" novalidate=\"novalidate\" data-status=\"init\">\n<div style=\"display: none;\">\n<input type=\"hidden\" name=\"_wpcf7\" value=\"195\" \/>\n<input type=\"hidden\" name=\"_wpcf7_version\" value=\"5.4.1\" \/>\n<input type=\"hidden\" name=\"_wpcf7_locale\" value=\"es_ES\" \/>\n<input type=\"hidden\" name=\"_wpcf7_unit_tag\" value=\"wpcf7-f195-o1\" \/>\n<input type=\"hidden\" name=\"_wpcf7_container_post\" value=\"0\" \/>\n<input type=\"hidden\" name=\"_wpcf7_posted_data_hash\" value=\"\" \/>\n<\/div>\n<p>Tu nombre (requerido)<br \/>\n    <span class=\"wpcf7-form-control-wrap your-name\"><input type=\"text\" name=\"your-name\" value=\"\" size=\"40\" class=\"wpcf7-form-control wpcf7-text wpcf7-validates-as-required\" aria-required=\"true\" aria-invalid=\"false\" \/><\/span> <\/p>\n<p>Tu e-mail (requerido)<br \/>\n    <span class=\"wpcf7-form-control-wrap your-email\"><input type=\"email\" name=\"your-email\" value=\"\" size=\"40\" class=\"wpcf7-form-control wpcf7-text wpcf7-email wpcf7-validates-as-required wpcf7-validates-as-email\" aria-required=\"true\" aria-invalid=\"false\" \/><\/span> <\/p>\n<p>Tel\u00e9fono de contacto (requerido)<br \/>\n    <span class=\"wpcf7-form-control-wrap tel-869\"><input type=\"tel\" name=\"tel-869\" value=\"\" size=\"40\" class=\"wpcf7-form-control wpcf7-text wpcf7-tel wpcf7-validates-as-required wpcf7-validates-as-tel\" aria-required=\"true\" aria-invalid=\"false\" \/><\/span> <\/p>\n<p>Localidad<br \/>\n<span class=\"wpcf7-form-control-wrap Localidad\"><input type=\"text\" name=\"Localidad\" value=\"\" size=\"40\" class=\"wpcf7-form-control wpcf7-text\" aria-invalid=\"false\" \/><\/span><\/p>\n<p>Comunidad Aut\u00f3noma<br \/>\n   <span class=\"wpcf7-form-control-wrap ComunidadAutnoma\"><select name=\"ComunidadAutnoma\" class=\"wpcf7-form-control wpcf7-select\" aria-invalid=\"false\"><option value=\"Andaluc\u00eda\">Andaluc\u00eda<\/option><option value=\"Arag\u00f3n\">Arag\u00f3n<\/option><option value=\"Asturias\">Asturias<\/option><option value=\"Cantabria\">Cantabria<\/option><option value=\"Castilla la Mancha\">Castilla la Mancha<\/option><option value=\"Castilla Le\u00f3n\">Castilla Le\u00f3n<\/option><option value=\"Catalu\u00f1a\">Catalu\u00f1a<\/option><option value=\"Ceuta\">Ceuta<\/option><option value=\"Extremadura\">Extremadura<\/option><option value=\"Galicia\">Galicia<\/option><option value=\"Islas Baleares\">Islas Baleares<\/option><option value=\"Islas Canarias\">Islas Canarias<\/option><option value=\"la Rioja\">la Rioja<\/option><option value=\"Madrid\">Madrid<\/option><option value=\"Melilla\">Melilla<\/option><option value=\"Murcia\">Murcia<\/option><option value=\"Navarra\">Navarra<\/option><option value=\"Pa\u00eds Vasco\">Pa\u00eds Vasco<\/option><option value=\"Valencia\">Valencia<\/option><\/select><\/span><\/p>\n<p>Tu mensaje<br \/>\n    <span class=\"wpcf7-form-control-wrap your-message\"><textarea name=\"your-message\" cols=\"40\" rows=\"10\" class=\"wpcf7-form-control wpcf7-textarea\" aria-invalid=\"false\"><\/textarea><\/span> <\/p>\n<p><span class=\"wpcf7-form-control-wrap checkbox-42\"><span class=\"wpcf7-form-control wpcf7-checkbox wpcf7-validates-as-required\"><span class=\"wpcf7-list-item first last\"><input type=\"checkbox\" name=\"checkbox-42[]\" value=\"He le\u00eddo y acepto la\" \/><span class=\"wpcf7-list-item-label\">He le\u00eddo y acepto la<\/span><\/span><\/span><\/span> <a href=\"https:\/\/luisamoron.com\/cursos\/politica-de-privacidad-y-cookies\/Politica de Privacidad\"\/>Pol\u00edtica de Privacidad<\/a><\/p>\n<p><input type=\"submit\" value=\"Enviar\" class=\"wpcf7-form-control wpcf7-submit\" \/><\/p>\n<div class=\"wpcf7-response-output\" aria-hidden=\"true\"><\/div><\/form><\/div> [\/et_pb_text][\/et_pb_column][\/et_pb_row][\/et_pb_section]<\/p>\n","protected":false},"excerpt":{"rendered":"<p>[et_pb_section fb_built=&#8221;1&#8243; admin_label=&#8221;section&#8221; _builder_version=&#8221;3.22&#8243;][et_pb_row admin_label=&#8221;row&#8221; _builder_version=&#8221;3.25&#8243; background_size=&#8221;initial&#8221; background_position=&#8221;top_left&#8221; background_repeat=&#8221;repeat&#8221;][et_pb_column type=&#8221;4_4&#8243; _builder_version=&#8221;3.25&#8243; custom_padding=&#8221;|||&#8221; custom_padding__hover=&#8221;|||&#8221;][et_pb_text admin_label=&#8221;Text&#8221; _builder_version=&#8221;4.9.4&#8243; background_size=&#8221;initial&#8221; background_position=&#8221;top_left&#8221; background_repeat=&#8221;repeat&#8221; hover_enabled=&#8221;0&#8243; use_border_color=&#8221;off&#8221; border_color=&#8221;#ffffff&#8221; border_style=&#8221;solid&#8221; sticky_enabled=&#8221;0&#8243;] &nbsp; &nbsp; [\/et_pb_text][\/et_pb_column][\/et_pb_row][et_pb_row column_structure=&#8221;1_2,1_2&#8243; admin_label=&#8221;row&#8221; _builder_version=&#8221;3.25&#8243; background_size=&#8221;initial&#8221; background_position=&#8221;top_left&#8221; background_repeat=&#8221;repeat&#8221; hover_enabled=&#8221;0&#8243; sticky_enabled=&#8221;0&#8243;][et_pb_column type=&#8221;1_2&#8243; _builder_version=&#8221;3.25&#8243; custom_padding=&#8221;|||&#8221; custom_padding__hover=&#8221;|||&#8221;][et_pb_text admin_label=&#8221;Text&#8221; _builder_version=&#8221;4.9.4&#8243; background_size=&#8221;initial&#8221; background_position=&#8221;top_left&#8221; background_repeat=&#8221;repeat&#8221; hover_enabled=&#8221;0&#8243; use_border_color=&#8221;off&#8221; border_color=&#8221;#ffffff&#8221; border_style=&#8221;solid&#8221; sticky_enabled=&#8221;0&#8243;] Me muevo por toda Espa\u00f1a impartiendo cursos [&hellip;]<\/p>\n","protected":false},"author":28,"featured_media":0,"parent":0,"menu_order":0,"comment_status":"open","ping_status":"open","template":"","meta":{"_bbp_topic_count":0,"_bbp_reply_count":0,"_bbp_total_topic_count":0,"_bbp_total_reply_count":0,"_bbp_voice_count":0,"_bbp_anonymous_reply_count":0,"_bbp_topic_count_hidden":0,"_bbp_reply_count_hidden":0,"_bbp_forum_subforum_count":0,"_et_pb_use_builder":"on","_et_pb_old_content":"","_et_gb_content_width":"","footnotes":""},"_links":{"self":[{"href":"https:\/\/luisamoron.com\/cursos\/wp-json\/wp\/v2\/pages\/194"}],"collection":[{"href":"https:\/\/luisamoron.com\/cursos\/wp-json\/wp\/v2\/pages"}],"about":[{"href":"https:\/\/luisamoron.com\/cursos\/wp-json\/wp\/v2\/types\/page"}],"author":[{"embeddable":true,"href":"https:\/\/luisamoron.com\/cursos\/wp-json\/wp\/v2\/users\/28"}],"replies":[{"embeddable":true,"href":"https:\/\/luisamoron.com\/cursos\/wp-json\/wp\/v2\/comments?post=194"}],"version-history":[{"count":26,"href":"https:\/\/luisamoron.com\/cursos\/wp-json\/wp\/v2\/pages\/194\/revisions"}],"predecessor-version":[{"id":17821,"href":"https:\/\/luisamoron.com\/cursos\/wp-json\/wp\/v2\/pages\/194\/revisions\/17821"}],"wp:attachment":[{"href":"https:\/\/luisamoron.com\/cursos\/wp-json\/wp\/v2\/media?parent=194"}],"curies":[{"name":"wp","href":"https:\/\/api.w.org\/{rel}","templated":true}]}}