{"id":188,"date":"2014-12-14T21:48:45","date_gmt":"2014-12-14T21:48:45","guid":{"rendered":"https:\/\/luisamoron.com\/cursos\/?page_id=188"},"modified":"2017-04-04T22:36:17","modified_gmt":"2017-04-04T21:36:17","slug":"mis-blogs","status":"publish","type":"page","link":"https:\/\/luisamoron.com\/cursos\/mis-blogs\/","title":{"rendered":"Mis blogs"},"content":{"rendered":"<p>[et_pb_section bb_built=&#8221;1&#8243; admin_label=&#8221;section&#8221;][et_pb_row admin_label=&#8221;row&#8221;][et_pb_column type=&#8221;4_4&#8243;][et_pb_text admin_label=&#8221;Texto&#8221; background_layout=&#8221;light&#8221; text_orientation=&#8221;left&#8221; use_border_color=&#8221;off&#8221; border_color=&#8221;#ffffff&#8221; border_style=&#8221;solid&#8221;]<\/p>\n<h1 style=\"text-align: center;\">MIS BLOGS<\/h1>\n<p>[\/et_pb_text][et_pb_text admin_label=&#8221;Texto&#8221; background_layout=&#8221;light&#8221; text_orientation=&#8221;left&#8221; use_border_color=&#8221;off&#8221; border_color=&#8221;#ffffff&#8221; border_style=&#8221;solid&#8221;]<\/p>\n<p>Aqu\u00ed tienes diferentes muestras de mi trabajo. Por un lado, te dejo mi blog Cocinando con mi Carmela, donde combino mis dos pasiones, la fotograf\u00eda y la cocina. Tambi\u00e9n encontrar\u00e1s algo m\u00e1s, como viajes, vivencias, etc. Es el que considero mi blog mas personal.<\/p>\n<p>Y si lo que quieres es saber m\u00e1s sobre mis sesiones de familia, beb\u00e9s y reci\u00e9n nacido, puedes visitar mi blog Luisa Mor\u00f3n, donde encontrar\u00e1s algunas de mis \u00faltimas sesiones.<\/p>\n<p>[\/et_pb_text][\/et_pb_column][\/et_pb_row][et_pb_row admin_label=&#8221;Fila&#8221;][et_pb_column type=&#8221;1_2&#8243;][et_pb_image admin_label=&#8221;Imagen&#8221; src=&#8221;http:\/\/luisamoron.com\/wp-content\/uploads\/2013\/10\/cocinando_con_mi_carmela.jpg&#8221; alt=&#8221;blog cocinando con mi carmela&#8221; title_text=&#8221;blog cocinando con mi carmela&#8221; show_in_lightbox=&#8221;off&#8221; url=&#8221;http:\/\/www.cocinandoconmicarmela.com\/&#8221; url_new_window=&#8221;on&#8221; use_overlay=&#8221;on&#8221; overlay_icon_color=&#8221;#000000&#8243; hover_overlay_color=&#8221;rgba(255,255,255,0.7)&#8221; hover_icon=&#8221;%%43%%&#8221; animation=&#8221;off&#8221; sticky=&#8221;off&#8221; align=&#8221;center&#8221; force_fullwidth=&#8221;off&#8221; always_center_on_mobile=&#8221;on&#8221; use_border_color=&#8221;off&#8221; border_color=&#8221;#ffffff&#8221; border_style=&#8221;solid&#8221; \/][\/et_pb_column][et_pb_column type=&#8221;1_2&#8243;][et_pb_image admin_label=&#8221;Imagen&#8221; src=&#8221;http:\/\/luisamoron.com\/wp-content\/uploads\/2013\/10\/blogs_luisamoron.jpg&#8221; alt=&#8221;blog de fotograf\u00eda luisa mor\u00f3n&#8221; title_text=&#8221;blog de fotograf\u00eda luisa mor\u00f3n&#8221; show_in_lightbox=&#8221;off&#8221; url=&#8221;http:\/\/www.luisamoronblog.com\/&#8221; url_new_window=&#8221;off&#8221; use_overlay=&#8221;on&#8221; overlay_icon_color=&#8221;#000000&#8243; hover_overlay_color=&#8221;rgba(255,255,255,0.7)&#8221; hover_icon=&#8221;%%43%%&#8221; animation=&#8221;off&#8221; sticky=&#8221;off&#8221; align=&#8221;center&#8221; force_fullwidth=&#8221;off&#8221; always_center_on_mobile=&#8221;on&#8221; use_border_color=&#8221;off&#8221; border_color=&#8221;#ffffff&#8221; border_style=&#8221;solid&#8221; \/][\/et_pb_column][\/et_pb_row][\/et_pb_section]<\/p>\n","protected":false},"excerpt":{"rendered":"<p>[et_pb_section bb_built=&#8221;1&#8243; admin_label=&#8221;section&#8221;][et_pb_row admin_label=&#8221;row&#8221;][et_pb_column type=&#8221;4_4&#8243;][et_pb_text admin_label=&#8221;Texto&#8221; background_layout=&#8221;light&#8221; text_orientation=&#8221;left&#8221; use_border_color=&#8221;off&#8221; border_color=&#8221;#ffffff&#8221; border_style=&#8221;solid&#8221;] MIS BLOGS [\/et_pb_text][et_pb_text admin_label=&#8221;Texto&#8221; background_layout=&#8221;light&#8221; text_orientation=&#8221;left&#8221; use_border_color=&#8221;off&#8221; border_color=&#8221;#ffffff&#8221; border_style=&#8221;solid&#8221;] Aqu\u00ed tienes diferentes muestras de mi trabajo. Por un lado, te dejo mi blog Cocinando con mi Carmela, donde combino mis dos pasiones, la fotograf\u00eda y la cocina. Tambi\u00e9n encontrar\u00e1s algo m\u00e1s, como viajes, vivencias, [&hellip;]<\/p>\n","protected":false},"author":28,"featured_media":0,"parent":0,"menu_order":0,"comment_status":"open","ping_status":"open","template":"","meta":{"_bbp_topic_count":0,"_bbp_reply_count":0,"_bbp_total_topic_count":0,"_bbp_total_reply_count":0,"_bbp_voice_count":0,"_bbp_anonymous_reply_count":0,"_bbp_topic_count_hidden":0,"_bbp_reply_count_hidden":0,"_bbp_forum_subforum_count":0,"_et_pb_use_builder":"on","_et_pb_old_content":"","_et_gb_content_width":"","footnotes":""},"_links":{"self":[{"href":"https:\/\/luisamoron.com\/cursos\/wp-json\/wp\/v2\/pages\/188"}],"collection":[{"href":"https:\/\/luisamoron.com\/cursos\/wp-json\/wp\/v2\/pages"}],"about":[{"href":"https:\/\/luisamoron.com\/cursos\/wp-json\/wp\/v2\/types\/page"}],"author":[{"embeddable":true,"href":"https:\/\/luisamoron.com\/cursos\/wp-json\/wp\/v2\/users\/28"}],"replies":[{"embeddable":true,"href":"https:\/\/luisamoron.com\/cursos\/wp-json\/wp\/v2\/comments?post=188"}],"version-history":[{"count":6,"href":"https:\/\/luisamoron.com\/cursos\/wp-json\/wp\/v2\/pages\/188\/revisions"}],"predecessor-version":[{"id":11055,"href":"https:\/\/luisamoron.com\/cursos\/wp-json\/wp\/v2\/pages\/188\/revisions\/11055"}],"wp:attachment":[{"href":"https:\/\/luisamoron.com\/cursos\/wp-json\/wp\/v2\/media?parent=188"}],"curies":[{"name":"wp","href":"https:\/\/api.w.org\/{rel}","templated":true}]}}