{"id":14785,"date":"2019-05-10T12:23:04","date_gmt":"2019-05-10T11:23:04","guid":{"rendered":""},"modified":"2019-05-10T12:23:04","modified_gmt":"2019-05-10T11:23:04","slug":"perfil-de-estudiante","status":"publish","type":"page","link":"https:\/\/luisamoron.com\/cursos\/perfil-de-estudiante\/","title":{"rendered":"Perfil de estudiante"},"content":{"rendered":"<p>Por favor, pincha en la pesta\u00f1a que pone &#8220;Cursos&#8221; para acceder al contenido. All\u00ed encontrar\u00e1s un listado de los cursos que hayas adquirido. Pinchando encima del curso correspondiente, te llevar\u00e1 directamente al contenido. \u00a1Gracias!<\/p>\n","protected":false},"excerpt":{"rendered":"<p>Por favor, pincha en la pesta\u00f1a que pone &#8220;Cursos&#8221; para acceder al contenido. All\u00ed encontrar\u00e1s un listado de los cursos que hayas adquirido. Pinchando encima del curso correspondiente, te llevar\u00e1 directamente al contenido. \u00a1Gracias!<\/p>\n","protected":false},"author":28,"featured_media":0,"parent":0,"menu_order":0,"comment_status":"open","ping_status":"open","template":"","meta":{"_bbp_topic_count":0,"_bbp_reply_count":0,"_bbp_total_topic_count":0,"_bbp_total_reply_count":0,"_bbp_voice_count":0,"_bbp_anonymous_reply_count":0,"_bbp_topic_count_hidden":0,"_bbp_reply_count_hidden":0,"_bbp_forum_subforum_count":0,"_et_pb_use_builder":"","_et_pb_old_content":"","_et_gb_content_width":"","footnotes":""},"_links":{"self":[{"href":"https:\/\/luisamoron.com\/cursos\/wp-json\/wp\/v2\/pages\/14785"}],"collection":[{"href":"https:\/\/luisamoron.com\/cursos\/wp-json\/wp\/v2\/pages"}],"about":[{"href":"https:\/\/luisamoron.com\/cursos\/wp-json\/wp\/v2\/types\/page"}],"author":[{"embeddable":true,"href":"https:\/\/luisamoron.com\/cursos\/wp-json\/wp\/v2\/users\/28"}],"replies":[{"embeddable":true,"href":"https:\/\/luisamoron.com\/cursos\/wp-json\/wp\/v2\/comments?post=14785"}],"version-history":[{"count":2,"href":"https:\/\/luisamoron.com\/cursos\/wp-json\/wp\/v2\/pages\/14785\/revisions"}],"predecessor-version":[{"id":15385,"href":"https:\/\/luisamoron.com\/cursos\/wp-json\/wp\/v2\/pages\/14785\/revisions\/15385"}],"wp:attachment":[{"href":"https:\/\/luisamoron.com\/cursos\/wp-json\/wp\/v2\/media?parent=14785"}],"curies":[{"name":"wp","href":"https:\/\/api.w.org\/{rel}","templated":true}]}}