{"id":13510,"date":"2018-05-28T17:51:08","date_gmt":"2018-05-28T16:51:08","guid":{"rendered":"https:\/\/luisamoron.com\/cursos\/?page_id=13510"},"modified":"2018-07-03T14:33:01","modified_gmt":"2018-07-03T13:33:01","slug":"terminos-y-condiciones","status":"publish","type":"page","link":"https:\/\/luisamoron.com\/cursos\/terminos-y-condiciones\/","title":{"rendered":"T\u00e9rminos y condiciones"},"content":{"rendered":"<h3 style=\"text-align: center;\">T\u00e9rminos y condiciones<\/h3>\n<h3>Cambio y devoluciones<\/h3>\n<p><em><strong>Pago:<\/strong> el pago te dar\u00e1 lugar a obtener una plaza en dicho taller. Una vez realizado este recibir\u00e1s una notificaci\u00f3n de que esta aceptado. Unos d\u00edas antes de empezar el taller recibir\u00e1s un mail en la misma cuenta que realizaste el pago con la informaci\u00f3n necesaria para poder acceder.<\/em><\/p>\n<p><em>El importe del taller no ser\u00e1 reembolsado, si no lo tienes claro ponte en contacto conmigo para resolver tus dudas. Si no puedes realizarlo en la fecha que has contratado podr\u00e1s optar una plaza en el siguiente taller avisando antes de ello v\u00eda mail.<\/em><\/p>\n<p><em><strong>Protecci\u00f3n de datos personales\u00a0<\/strong><\/em><br \/>\n<strong>Atenci\u00f3n:<\/strong> el e-mail que uses para pagar con paypal ser\u00e1 el que me aparezca registrado, y actuaremos con la Protecci\u00f3n de datos actual.<\/p>\n<h3>C\u00f3digo de conducta<\/h3>\n<p>Las personas que se inscriban en los Talleres de Luisa Mor\u00f3n podr\u00e1n interactuar con otros compa\u00f1eros en los diferentes foros, es por ello que solicitamos que la interacci\u00f3n entre todos sea de respeto, quedando prohibido realizar comentarios obscenos u ofensivos, y tampoco se podr\u00e1 usar o copiar el material de otros compa\u00f1eros sin su previo consentimiento y por escrito.<\/p>\n<h3>Propiedad Intelectual<\/h3>\n<p>No se podr\u00e1 citar o reproducir el material que encontraras en estos talleres. S\u00f3lo podr\u00e1 ser utilizado para tu uso personal y no podr\u00e1n ser compartido con terceros, reproducidos o publicados en ning\u00fan medio. Todo el material utilizado en el taller esta protegido por la normativa de propiedad intelectual aplicable.<\/p>\n<p>Las fotos utilizadas en la plataforma www.luisamoron.com\/cursos son de la propiedad de Luisa Mor\u00f3n, si quieren hacer uso de alguna fotograf\u00eda\u00a0contacte a trav\u00e9s de\u00a0info@luisamoron.com, las fotograf\u00edas que no me pertenezcan tendr\u00e1n el nombre del autor y enlace a su web.<\/p>\n<p>Documento actualizado y revisado el 24-05-2018<\/p>\n<p>&nbsp;<\/p>\n","protected":false},"excerpt":{"rendered":"<p>T\u00e9rminos y condiciones Cambio y devoluciones Pago: el pago te dar\u00e1 lugar a obtener una plaza en dicho taller. Una vez realizado este recibir\u00e1s una notificaci\u00f3n de que esta aceptado. Unos d\u00edas antes de empezar el taller recibir\u00e1s un mail en la misma cuenta que realizaste el pago con la informaci\u00f3n necesaria para poder acceder. [&hellip;]<\/p>\n","protected":false},"author":28,"featured_media":0,"parent":0,"menu_order":0,"comment_status":"closed","ping_status":"closed","template":"","meta":{"_bbp_topic_count":0,"_bbp_reply_count":0,"_bbp_total_topic_count":0,"_bbp_total_reply_count":0,"_bbp_voice_count":0,"_bbp_anonymous_reply_count":0,"_bbp_topic_count_hidden":0,"_bbp_reply_count_hidden":0,"_bbp_forum_subforum_count":0,"_et_pb_use_builder":"","_et_pb_old_content":"","_et_gb_content_width":"","footnotes":""},"_links":{"self":[{"href":"https:\/\/luisamoron.com\/cursos\/wp-json\/wp\/v2\/pages\/13510"}],"collection":[{"href":"https:\/\/luisamoron.com\/cursos\/wp-json\/wp\/v2\/pages"}],"about":[{"href":"https:\/\/luisamoron.com\/cursos\/wp-json\/wp\/v2\/types\/page"}],"author":[{"embeddable":true,"href":"https:\/\/luisamoron.com\/cursos\/wp-json\/wp\/v2\/users\/28"}],"replies":[{"embeddable":true,"href":"https:\/\/luisamoron.com\/cursos\/wp-json\/wp\/v2\/comments?post=13510"}],"version-history":[{"count":1,"href":"https:\/\/luisamoron.com\/cursos\/wp-json\/wp\/v2\/pages\/13510\/revisions"}],"predecessor-version":[{"id":13511,"href":"https:\/\/luisamoron.com\/cursos\/wp-json\/wp\/v2\/pages\/13510\/revisions\/13511"}],"wp:attachment":[{"href":"https:\/\/luisamoron.com\/cursos\/wp-json\/wp\/v2\/media?parent=13510"}],"curies":[{"name":"wp","href":"https:\/\/api.w.org\/{rel}","templated":true}]}}