{"id":12473,"date":"2017-07-24T14:02:00","date_gmt":"2017-07-24T14:02:00","guid":{"rendered":"https:\/\/luisamoron.com\/cursos\/artistico-avanzado\/?page_id=12473"},"modified":"2017-12-07T15:25:30","modified_gmt":"2017-12-07T15:25:30","slug":"mi-cuenta","status":"publish","type":"page","link":"https:\/\/luisamoron.com\/cursos\/artistico-avanzado\/mi-cuenta\/","title":{"rendered":"Mi cuenta"},"content":{"rendered":"<p>[et_pb_section bb_built=&#8221;1&#8243; admin_label=&#8221;section&#8221;][et_pb_row admin_label=&#8221;Fila&#8221;][et_pb_column type=&#8221;4_4&#8243;][et_pb_login admin_label=&#8221;Iniciar sesi\u00f3n&#8221; title=&#8221;Inicia sesi\u00f3n:&#8221; current_page_redirect=&#8221;off&#8221; use_background_color=&#8221;off&#8221; background_color=&#8221;#ffcc00&#8243; background_layout=&#8221;light&#8221; text_orientation=&#8221;center&#8221; form_field_background_color=&#8221;#d3d3d3&#8243; form_field_text_color=&#8221;#000000&#8243; use_focus_border_color=&#8221;off&#8221; use_border_color=&#8221;off&#8221; border_color=&#8221;#ffffff&#8221; border_style=&#8221;solid&#8221; custom_button=&#8221;on&#8221; button_text_color=&#8221;#ffffff&#8221; button_bg_color=&#8221;#000000&#8243; button_border_width=&#8221;0&#8243; button_border_radius=&#8221;0&#8243; button_letter_spacing=&#8221;0&#8243; button_use_icon=&#8221;default&#8221; button_icon=&#8221;%%94%%&#8221; button_icon_color=&#8221;#000000&#8243; button_icon_placement=&#8221;right&#8221; button_on_hover=&#8221;on&#8221; button_text_color_hover=&#8221;#000000&#8243; button_bg_color_hover=&#8221;#ffffff&#8221; button_border_radius_hover=&#8221;0&#8243; button_letter_spacing_hover=&#8221;0&#8243;]<\/p>\n<p>Una vez realizada la compra de tu curso, recibir\u00e1s por correo electr\u00f3nico la confirmaci\u00f3n de tu compra, y junto con ella tu usuario y contrase\u00f1a.<\/p>\n<p>Si no recuerdas tu contrase\u00f1a, puedes reestablecerla dentro de la propia p\u00e1gina.<\/p>\n<p>Si tienes cualquier duda sobre el acceso, por favor, escr\u00edbeme un mail a: <a href=\"mailto:informacion@theschool-talleres.com\">informacion@theschool-talleres.com<\/a><\/p>\n<p>Gracias.<\/p>\n<p>[\/et_pb_login][et_pb_button admin_label=&#8221;Bot\u00f3n&#8221; button_url=&#8221;https:\/\/luisamoron.com\/cursos\/artistico-avanzado\/&#8221; url_new_window=&#8221;off&#8221; button_text=&#8221;Accede al contenido&#8221; button_alignment=&#8221;center&#8221; background_layout=&#8221;light&#8221; custom_button=&#8221;on&#8221; button_text_color=&#8221;#ffffff&#8221; button_bg_color=&#8221;#000000&#8243; button_border_width=&#8221;0&#8243; button_border_radius=&#8221;0&#8243; button_letter_spacing=&#8221;0&#8243; button_use_icon=&#8221;default&#8221; button_icon=&#8221;%%24%%&#8221; button_icon_color=&#8221;#000000&#8243; button_icon_placement=&#8221;right&#8221; button_on_hover=&#8221;on&#8221; button_text_color_hover=&#8221;#000000&#8243; button_bg_color_hover=&#8221;#ffffff&#8221; button_border_radius_hover=&#8221;0&#8243; button_letter_spacing_hover=&#8221;0&#8243; custom_css_main_element=&#8221;width: 100% !important;&#8221; saved_tabs=&#8221;all&#8221; \/][\/et_pb_column][\/et_pb_row][\/et_pb_section]<\/p>\n","protected":false},"excerpt":{"rendered":"<p>[et_pb_section bb_built=&#8221;1&#8243; admin_label=&#8221;section&#8221;][et_pb_row admin_label=&#8221;Fila&#8221;][et_pb_column type=&#8221;4_4&#8243;][et_pb_login admin_label=&#8221;Iniciar sesi\u00f3n&#8221; title=&#8221;Inicia sesi\u00f3n:&#8221; current_page_redirect=&#8221;off&#8221; use_background_color=&#8221;off&#8221; background_color=&#8221;#ffcc00&#8243; background_layout=&#8221;light&#8221; text_orientation=&#8221;center&#8221; form_field_background_color=&#8221;#d3d3d3&#8243; form_field_text_color=&#8221;#000000&#8243; use_focus_border_color=&#8221;off&#8221; use_border_color=&#8221;off&#8221; border_color=&#8221;#ffffff&#8221; border_style=&#8221;solid&#8221; custom_button=&#8221;on&#8221; button_text_color=&#8221;#ffffff&#8221; button_bg_color=&#8221;#000000&#8243; button_border_width=&#8221;0&#8243; button_border_radius=&#8221;0&#8243; button_letter_spacing=&#8221;0&#8243; button_use_icon=&#8221;default&#8221; button_icon=&#8221;%%94%%&#8221; button_icon_color=&#8221;#000000&#8243; button_icon_placement=&#8221;right&#8221; button_on_hover=&#8221;on&#8221; button_text_color_hover=&#8221;#000000&#8243; button_bg_color_hover=&#8221;#ffffff&#8221; button_border_radius_hover=&#8221;0&#8243; button_letter_spacing_hover=&#8221;0&#8243;] Una vez realizada la compra de tu curso, recibir\u00e1s por correo electr\u00f3nico la confirmaci\u00f3n de tu compra, y junto con [&hellip;]<\/p>\n","protected":false},"author":28,"featured_media":0,"parent":0,"menu_order":0,"comment_status":"closed","ping_status":"closed","template":"","meta":{"_bbp_topic_count":0,"_bbp_reply_count":0,"_bbp_total_topic_count":0,"_bbp_total_reply_count":0,"_bbp_voice_count":0,"_bbp_anonymous_reply_count":0,"_bbp_topic_count_hidden":0,"_bbp_reply_count_hidden":0,"_bbp_forum_subforum_count":0,"_et_pb_use_builder":"on","_et_pb_old_content":"","_et_gb_content_width":"","footnotes":""},"_links":{"self":[{"href":"https:\/\/luisamoron.com\/cursos\/artistico-avanzado\/wp-json\/wp\/v2\/pages\/12473"}],"collection":[{"href":"https:\/\/luisamoron.com\/cursos\/artistico-avanzado\/wp-json\/wp\/v2\/pages"}],"about":[{"href":"https:\/\/luisamoron.com\/cursos\/artistico-avanzado\/wp-json\/wp\/v2\/types\/page"}],"author":[{"embeddable":true,"href":"https:\/\/luisamoron.com\/cursos\/artistico-avanzado\/wp-json\/wp\/v2\/users\/28"}],"replies":[{"embeddable":true,"href":"https:\/\/luisamoron.com\/cursos\/artistico-avanzado\/wp-json\/wp\/v2\/comments?post=12473"}],"version-history":[{"count":4,"href":"https:\/\/luisamoron.com\/cursos\/artistico-avanzado\/wp-json\/wp\/v2\/pages\/12473\/revisions"}],"predecessor-version":[{"id":12872,"href":"https:\/\/luisamoron.com\/cursos\/artistico-avanzado\/wp-json\/wp\/v2\/pages\/12473\/revisions\/12872"}],"wp:attachment":[{"href":"https:\/\/luisamoron.com\/cursos\/artistico-avanzado\/wp-json\/wp\/v2\/media?parent=12473"}],"curies":[{"name":"wp","href":"https:\/\/api.w.org\/{rel}","templated":true}]}}